{"id":11,"date":"2014-01-24T00:19:35","date_gmt":"2014-01-23T22:19:35","guid":{"rendered":"http:\/\/keilbuero.de\/?page_id=11"},"modified":"2024-05-31T17:54:10","modified_gmt":"2024-05-31T15:54:10","slug":"projekte","status":"publish","type":"page","link":"https:\/\/keilbuero.de\/?page_id=11","title":{"rendered":"Projekte"},"content":{"rendered":"<h3><strong>\u201eWer war Henriette Goldenberg?\u201c<\/strong><\/h3>\n<div>\n<p>Seit letztem Jahr recherchiere ich zu der Wiener Malerin und Illustratorin Henriette Goldenberg. 1897 begann sie ihr Studium an der Wiener Kunstgewerbeschule, wurde 1919 Mitglied in der Vereinigung Bildender K\u00fcnstlerinnen \u00d6sterreichs. War K\u00fcnstlerin in einer Zeit, als die Kunst Frauen kaum zug\u00e4nglich war.<br \/>Was ist aus ihrem Werk geworden, das sehr umfangreich gewesen sein muss? Warum wei\u00df man nichts \u00fcber sie und ihr Schaffen und l\u00e4sst sich das \u00e4ndern?<br \/>Und wenn nicht, was bleibt dann von ihr?<\/p>\n<\/div>\n<div>\n<p>Ein erster Clip gibt eine erste \u00dcbersicht. Wo sie wohnte, wo sie arbeitete, im 9ten Bezirk; Wohnung und Atelier lagen nur ein paar Stra\u00dfenecken voneinander entfernt.<\/p>\n<div style=\"width: 960px;\" class=\"wp-video\"><video class=\"wp-video-shortcode\" id=\"video-11-1\" width=\"960\" height=\"540\" preload=\"metadata\" controls=\"controls\"><source type=\"video\/mp4\" src=\"https:\/\/keilbuero.de\/wp-content\/uploads\/2024\/05\/Wer-war-Henriette-Goldenberg_.mp4?_=1\" \/><a href=\"https:\/\/keilbuero.de\/wp-content\/uploads\/2024\/05\/Wer-war-Henriette-Goldenberg_.mp4\">https:\/\/keilbuero.de\/wp-content\/uploads\/2024\/05\/Wer-war-Henriette-Goldenberg_.mp4<\/a><\/video><\/div>\n<\/div>\n<p>Ein zweiter Clip geht auf das Gel\u00e4nde des einstigen Aspangbahnhof im 3ten Bezirk. Von hier aus fuhren die Deportationsz\u00fcge Richtung Osteuropa.<\/p>\n<div style=\"width: 960px;\" class=\"wp-video\"><video class=\"wp-video-shortcode\" id=\"video-11-2\" width=\"960\" height=\"540\" preload=\"metadata\" controls=\"controls\"><source type=\"video\/mp4\" src=\"https:\/\/keilbuero.de\/wp-content\/uploads\/2024\/05\/Frank2.mp4?_=2\" \/><a href=\"https:\/\/keilbuero.de\/wp-content\/uploads\/2024\/05\/Frank2.mp4\">https:\/\/keilbuero.de\/wp-content\/uploads\/2024\/05\/Frank2.mp4<\/a><\/video><\/div>\n<div>\n<p>Zwei Schritte auf einer langfristig angelegten Spurensuche in Archiven aller Arten und eben vor Ort in Wien; geplant sind Recherchefahrten nach Theresienstadt und Treblinka. Und eigentlich sollte es dieses Jahr auch nach Brody gehen, einer von der j\u00fcdischen Kultur gepr\u00e4gten Kleinstadt in der Westukraine, aus der die Goldenbergs urspr\u00fcnglich stammten. Denn Henriette Goldenbergs Geschichte ist auch eine Migrationsgeschichte \u2026<\/p>\n<\/div>\n<div>\n<p>Unterst\u00fctzt wird die Recherche durch ein Stipendium des Fonds \u201eNeustart Kultur\u201c und der VG Wort.<\/p>\n<\/div>\n<p><a href=\"http:\/\/keilbuero.de\/wp-content\/uploads\/2021\/10\/BKM_Neustart_Kultur_Wortmarke_pos_RGB_RZ.jpg\"><img loading=\"lazy\" decoding=\"async\" class=\"alignnone size-medium wp-image-338\" src=\"http:\/\/keilbuero.de\/wp-content\/uploads\/2021\/10\/BKM_Neustart_Kultur_Wortmarke_pos_RGB_RZ-300x294.jpg\" alt=\"\" width=\"300\" height=\"294\" srcset=\"https:\/\/keilbuero.de\/wp-content\/uploads\/2021\/10\/BKM_Neustart_Kultur_Wortmarke_pos_RGB_RZ-300x294.jpg 300w, https:\/\/keilbuero.de\/wp-content\/uploads\/2021\/10\/BKM_Neustart_Kultur_Wortmarke_pos_RGB_RZ-1024x1002.jpg 1024w, https:\/\/keilbuero.de\/wp-content\/uploads\/2021\/10\/BKM_Neustart_Kultur_Wortmarke_pos_RGB_RZ-768x752.jpg 768w, https:\/\/keilbuero.de\/wp-content\/uploads\/2021\/10\/BKM_Neustart_Kultur_Wortmarke_pos_RGB_RZ.jpg 1323w\" sizes=\"auto, (max-width: 300px) 100vw, 300px\" \/><\/a><\/p>\n<p><a href=\"http:\/\/keilbuero.de\/wp-content\/uploads\/2021\/10\/BKM_Web_de.gif\"><img loading=\"lazy\" decoding=\"async\" class=\"alignnone size-medium wp-image-339\" src=\"http:\/\/keilbuero.de\/wp-content\/uploads\/2021\/10\/BKM_Web_de.gif\" alt=\"\" width=\"245\" height=\"100\" \/><\/a><\/p>\n<p><a href=\"http:\/\/keilbuero.de\/wp-content\/uploads\/2021\/10\/VG_WORT-Logo_-_10cm_-_300dpi.jpg\"><img loading=\"lazy\" decoding=\"async\" class=\"alignnone size-medium wp-image-340\" src=\"http:\/\/keilbuero.de\/wp-content\/uploads\/2021\/10\/VG_WORT-Logo_-_10cm_-_300dpi-300x57.jpg\" alt=\"\" width=\"300\" height=\"57\" srcset=\"https:\/\/keilbuero.de\/wp-content\/uploads\/2021\/10\/VG_WORT-Logo_-_10cm_-_300dpi-300x57.jpg 300w, https:\/\/keilbuero.de\/wp-content\/uploads\/2021\/10\/VG_WORT-Logo_-_10cm_-_300dpi-1024x194.jpg 1024w, https:\/\/keilbuero.de\/wp-content\/uploads\/2021\/10\/VG_WORT-Logo_-_10cm_-_300dpi-768x146.jpg 768w, https:\/\/keilbuero.de\/wp-content\/uploads\/2021\/10\/VG_WORT-Logo_-_10cm_-_300dpi-1070x206.jpg 1070w, https:\/\/keilbuero.de\/wp-content\/uploads\/2021\/10\/VG_WORT-Logo_-_10cm_-_300dpi.jpg 1085w\" sizes=\"auto, (max-width: 300px) 100vw, 300px\" \/><\/a><\/p>\n\n\n<p><\/p>\n","protected":false},"excerpt":{"rendered":"<p>\u201eWer war Henriette Goldenberg?\u201c Seit letztem Jahr recherchiere ich zu der Wiener Malerin und Illustratorin Henriette Goldenberg. 1897 begann sie ihr Studium an der Wiener Kunstgewerbeschule, wurde 1919 Mitglied in der Vereinigung Bildender K\u00fcnstlerinnen \u00d6sterreichs. War K\u00fcnstlerin in einer Zeit, als die Kunst Frauen kaum zug\u00e4nglich war.Was ist aus ihrem Werk geworden, das sehr umfangreich [&hellip;]<\/p>\n","protected":false},"author":1,"featured_media":0,"parent":0,"menu_order":0,"comment_status":"closed","ping_status":"open","template":"","meta":{"footnotes":""},"class_list":["post-11","page","type-page","status-publish","hentry"],"_links":{"self":[{"href":"https:\/\/keilbuero.de\/index.php?rest_route=\/wp\/v2\/pages\/11","targetHints":{"allow":["GET"]}}],"collection":[{"href":"https:\/\/keilbuero.de\/index.php?rest_route=\/wp\/v2\/pages"}],"about":[{"href":"https:\/\/keilbuero.de\/index.php?rest_route=\/wp\/v2\/types\/page"}],"author":[{"embeddable":true,"href":"https:\/\/keilbuero.de\/index.php?rest_route=\/wp\/v2\/users\/1"}],"replies":[{"embeddable":true,"href":"https:\/\/keilbuero.de\/index.php?rest_route=%2Fwp%2Fv2%2Fcomments&post=11"}],"version-history":[{"count":18,"href":"https:\/\/keilbuero.de\/index.php?rest_route=\/wp\/v2\/pages\/11\/revisions"}],"predecessor-version":[{"id":411,"href":"https:\/\/keilbuero.de\/index.php?rest_route=\/wp\/v2\/pages\/11\/revisions\/411"}],"wp:attachment":[{"href":"https:\/\/keilbuero.de\/index.php?rest_route=%2Fwp%2Fv2%2Fmedia&parent=11"}],"curies":[{"name":"wp","href":"https:\/\/api.w.org\/{rel}","templated":true}]}}